{"id":480,"date":"2025-02-09T22:23:41","date_gmt":"2025-02-09T22:23:41","guid":{"rendered":"https:\/\/iligner.com\/teslimat-ve-iade-kosullari\/"},"modified":"2025-02-09T22:34:43","modified_gmt":"2025-02-09T22:34:43","slug":"teslimat-ve-iade-kosullari","status":"publish","type":"page","link":"https:\/\/iligner.com\/tr\/teslimat-ve-iade-kosullari\/","title":{"rendered":"Teslimat ve \u0130ade Ko\u015fullar\u0131"},"content":{"rendered":"\n<div class=\"wp-block-uagb-container uagb-block-32b1caa1 alignfull uagb-is-root-container\"><div class=\"uagb-container-inner-blocks-wrap\">\n<ul class=\"wp-block-list\"><\/ul>\n\n\n\n<hr class=\"wp-block-separator has-alpha-channel-opacity\"\/>\n\n\n\n<h1 class=\"wp-block-heading has-text-align-center\"><strong>Teslimat ve \u0130ade Ko\u015fullar\u0131<\/strong><\/h1>\n\n\n\n<h2 class=\"wp-block-heading\" style=\"padding-top:var(--wp--preset--spacing--50)\"><strong>1. Sipari\u015f Onay\u0131<\/strong><\/h2>\n\n\n\n<ul class=\"wp-block-list has-medium-font-size\">\n<li class=\"\">EFAlign, herhangi bir y\u00fck\u00fcml\u00fcl\u00fck alt\u0131na girmeksizin, tamamen kendi takdirine ba\u011fl\u0131 olarak herhangi bir M\u00fc\u015fteri Sipari\u015fini tamamen veya k\u0131smen reddetme hakk\u0131n\u0131 sakl\u0131 tutar.<\/li>\n\n\n\n<li class=\"\">M\u00fc\u015fteri, Fiyatland\u0131rma Ko\u015fullar\u0131nda belirtilen tabloda belirtildi\u011fi gibi her Hasta i\u00e7in gerekli t\u00fcm kay\u0131tlar\u0131 (&#8220;Gerekli T\u00fcm Malzemeler&#8221;) sa\u011flamaktan ve bir iLign Pro tedavi plan\u0131n\u0131 onaylamaktan sorumludur.<\/li>\n\n\n\n<li class=\"\">EFAlign, \u00dcr\u00fcnlerin \u00fcretimine ancak t\u00fcm Gerekli Materyalleri ald\u0131ktan ve M\u00fc\u015fterinin iLign Pro tedavi plan\u0131n\u0131 onaylamas\u0131ndan sonra ba\u015flayacakt\u0131r.<\/li>\n\n\n\n<li class=\"\">M\u00fc\u015fteri, \u00f6zellikle gecikmeler M\u00fc\u015fterinin kendi gecikmeleri veya eylemsizli\u011finden kaynakland\u0131\u011f\u0131nda, Hastan\u0131n iLigner tedavisinin zaman \u00e7izelgesiyle ilgili beklentilerini y\u00f6netmekten sorumludur.<\/li>\n\n\n\n<li class=\"\">T\u00fcm Gerekli Malzemeler M\u00fc\u015fteriye iade edilmeyecektir.<\/li>\n\n\n\n<li class=\"\">Perla Tutucular, m\u00fc\u015fteriden malzemelerin al\u0131nmas\u0131n\u0131n hemen ard\u0131ndan \u00fcretilecek ve ayr\u0131ca onay gerektirmeyecektir.<\/li>\n<\/ul>\n\n\n\n<h2 class=\"wp-block-heading\" style=\"padding-top:var(--wp--preset--spacing--50)\"><strong>2. \u00dcr\u00fcn Teslimat\u0131<\/strong><\/h2>\n\n\n\n<ul class=\"wp-block-list has-medium-font-size\">\n<li class=\"\">\u00dcr\u00fcnler genellikle iLign Pro tedavi plan\u0131n\u0131n onaylanmas\u0131ndan sonra yakla\u015f\u0131k 4 g\u00fcn i\u00e7inde \u00fcretilir ve \u00fcretim tesisinden sevk edilir.<\/li>\n\n\n\n<li class=\"\">Bu zaman \u00e7izelgeleri yaln\u0131zca tahminidir ve teslimat s\u00fcreleri garanti edilmez.<\/li>\n\n\n\n<li class=\"\">EFAlign, \u00f6ng\u00f6r\u00fclemeyen bir olaydan, \u00fc\u00e7\u00fcnc\u00fc taraf bir ta\u015f\u0131y\u0131c\u0131dan veya M\u00fc\u015fterinin eksiksiz, do\u011fru ve do\u011fru teslimat bilgilerini vermemesinden kaynaklanan \u00dcr\u00fcnlerin teslimat\u0131ndaki herhangi bir gecikmeden sorumlu de\u011fildir.<\/li>\n\n\n\n<li class=\"\">\u00dcr\u00fcnler teslim edilmezse, M\u00fc\u015fteri gecikmenin nedenini ara\u015ft\u0131racak olan EFAlign&#8217;\u0131 bilgilendirmelidir ve EFAlign s\u00f6zle\u015fmeye g\u00f6re teslim etmekle y\u00fck\u00fcml\u00fc ise, EFAlign yedek \u00dcr\u00fcnler \u00fcretecek ve g\u00f6nderecektir.<\/li>\n\n\n\n<li class=\"\">Bu, teslimat\u0131n yap\u0131lamamas\u0131 durumunda M\u00fc\u015fterinin tek \u00e7\u00f6z\u00fcm yoludur.<\/li>\n\n\n\n<li class=\"\">M\u00fc\u015fteri, teslimat \u015firketinin \u00dcr\u00fcnlerin teslimata haz\u0131r oldu\u011funu belirten bildiriminden itibaren 4 g\u00fcn i\u00e7inde \u00dcr\u00fcnlerin teslimat\u0131n\u0131 kabul etmezse, \u00dcr\u00fcnlerin teslimat\u0131 bu bildirimi takip eden be\u015finci g\u00fcn sabah saat 9&#8217;da tamamlanm\u0131\u015f say\u0131lacakt\u0131r.<\/li>\n\n\n\n<li class=\"\">EFAlign, depolama ve yeniden teslimat masraflar\u0131 i\u00e7in M\u00fc\u015fteriden \u00fccret talep edebilir, ancak \u00dcr\u00fcnlerin M\u00fc\u015fteriye teslimata haz\u0131r oldu\u011funa dair bildirimden 7 g\u00fcn sonra \u00dcr\u00fcnleri yeniden teslim etme y\u00fck\u00fcml\u00fcl\u00fc\u011f\u00fc yoktur.<\/li>\n\n\n\n<li class=\"\">\u00dcr\u00fcnler, M\u00fc\u015fteri Sipari\u015fi verildi\u011fi s\u0131rada M\u00fc\u015fteri taraf\u0131ndan EFAlign Sistemlerinde kay\u0131tl\u0131 M\u00fc\u015fteri adresleri listesinden se\u00e7ilen teslimat adresine g\u00f6nderilecektir.<\/li>\n\n\n\n<li class=\"\">\u00dcr\u00fcnlerin teslimat\u0131 Incoterms 2010&#8217;da belirtilen CIP&#8217;ye uygun olarak yap\u0131lacakt\u0131r. \u0130lk ta\u015f\u0131y\u0131c\u0131ya teslim edildikten sonra m\u00fclkiyet, M\u00fc\u015fterinin Hastalar\u0131yla olan ticari \u015fartlar\u0131na ba\u011fl\u0131 olarak M\u00fc\u015fteriye veya Hastaya devredilecektir.<\/li>\n\n\n\n<li class=\"\">T\u00fcm \u00fclkelerde, EFAlign taraf\u0131ndan ilk ta\u015f\u0131y\u0131c\u0131ya teslim edildikten sonra m\u00fclkiyet ve kay\u0131p riski m\u00fc\u015fteriye ge\u00e7ecektir.<\/li>\n<\/ul>\n\n\n\n<h2 class=\"wp-block-heading\" style=\"padding-top:var(--wp--preset--spacing--50)\"><strong>3. \u00dcr\u00fcn \u0130adesi<\/strong><\/h2>\n\n\n\n<ul class=\"wp-block-list has-medium-font-size\">\n<li class=\"\">\u00dcr\u00fcnlerin EFAlign&#8217;a iade edilmesinden M\u00fc\u015fteri sorumludur.<\/li>\n\n\n\n<li class=\"\">T\u00fcm iadeler, tam de\u011fi\u015ftirme de\u011feri i\u00e7in sigorta sa\u011flayan sayg\u0131n bir ta\u015f\u0131y\u0131c\u0131 arac\u0131l\u0131\u011f\u0131yla yap\u0131lmal\u0131d\u0131r.<\/li>\n\n\n\n<li class=\"\">\u0130adeler yaln\u0131zca iLigner Global H\u00fck\u00fcm ve Ko\u015fullar\u0131n\u0131n 1.1, 1.2 ve 1.3 numaral\u0131 Ko\u015fullar\u0131nda belirtildi\u011fi gibi garanti kapsam\u0131nda olan kusurlu hizalay\u0131c\u0131lar veya tutucular i\u00e7in kabul edilir.<\/li>\n\n\n\n<li class=\"\">Ba\u015fka hi\u00e7bir iade kabul edilmeyecektir.<\/li>\n\n\n\n<li class=\"\">Paket a\u015fa\u011f\u0131daki adrese g\u00f6nderilmelidir: \u0130ade Departman\u0131, EFAlign Sa\u011fl\u0131k Teknolojileri Limited \u015eirketi Yenido\u011fan mah. Abdi \u0130pek\u00e7i cad. No:39 D:101 Bayrampa\u015fa \u0130stanbul, T\u00fcrkiye.<\/li>\n<\/ul>\n\n\n\n<h2 class=\"wp-block-heading\" style=\"padding-top:var(--wp--preset--spacing--50)\"><strong>4. Sipari\u015f \u0130ptalleri<\/strong><\/h2>\n\n\n\n<ul class=\"wp-block-list has-medium-font-size\">\n<li class=\"\">iLign Pro Onay\u0131ndan \u00d6nce \u0130ptaller: M\u00fc\u015fteri, tedavi uygulamas\u0131n\u0131 takiben iLign Pro Onay\u0131ndan \u00f6nce herhangi bir zamanda bir M\u00fc\u015fteri Sipari\u015fini geri \u00e7ekerse, M\u00fc\u015fteri Sipari\u015fi, sipari\u015fin EFAlign taraf\u0131ndan al\u0131nmas\u0131ndan itibaren 180 g\u00fcnden fazla beklemede kal\u0131rsa veya bir iLign Pro tedavi plan\u0131, ilk iLign Pro tedavi plan\u0131 sunumundan sonraki 180 g\u00fcn i\u00e7inde onaylanmazsa, M\u00fc\u015fteri Sipari\u015fine bir iptal \u00fccreti uygulanacakt\u0131r.<\/li>\n\n\n\n<li class=\"\">iLign Pro Onay\u0131ndan Sonra \u0130ptaller: EFAlign, M\u00fc\u015fteri iLign Pro tedavi plan\u0131n\u0131 onaylad\u0131ktan veya tutucular veya yedek plakalar i\u00e7in M\u00fc\u015fteri Sipari\u015fi verdikten sonra \u00fcretime ba\u015flar. M\u00fc\u015fterinin iLign Pro tedavi plan\u0131n\u0131 onaylad\u0131ktan sonra ancak iLigner&#8217;lar g\u00f6nderilmeden \u00f6nce M\u00fc\u015fteri Sipari\u015fini iptal etmesine izin verilir. Bir M\u00fc\u015fteri Sipari\u015fi bu a\u015famada iptal edilirse, net fatura tutar\u0131n\u0131n %80&#8217;i iptal \u00fccreti olarak tahsil edilecektir.<\/li>\n\n\n\n<li class=\"\">M\u00fc\u015fterinin iLigner&#8217;lar sevk edildikten sonra herhangi bir M\u00fc\u015fteri Sipari\u015fini iptal etmesine izin verilmez.<\/li>\n\n\n\n<li class=\"\">M\u00fc\u015fteri iLign Pro onay\u0131ndan sonra sipari\u015fi iptal ederse ancak EFAlign&#8217;dan herhangi bir hizalay\u0131c\u0131 al\u0131rsa, M\u00fc\u015fteri hizalay\u0131c\u0131lar\u0131 derhal EFAlign&#8217;a iade etmelidir, aksi takdirde EFAlign hizalay\u0131c\u0131lar\u0131 M\u00fc\u015fteriden geri almak i\u00e7in t\u00fcm hak ve \u00e7areleri kullanma hakk\u0131na sahip olacakt\u0131r.<\/li>\n\n\n\n<li class=\"\">Bir M\u00fc\u015fteri Perla avans sipari\u015fini iptal ederse para iadesi yap\u0131lmayacakt\u0131r.<\/li>\n\n\n\n<li class=\"\">Bir M\u00fc\u015fteri iLign Pro onay\u0131ndan \u00f6nce veya sonra bir Sipari\u015fi iptal ederse, ilgili iptal \u00fccreti fatura tarihinden itibaren 30 g\u00fcn i\u00e7inde \u00f6denecektir.<\/li>\n\n\n\n<li class=\"\">EFAlign, herhangi bir zamanda, herhangi bir nedenle ve herhangi bir y\u00fck\u00fcml\u00fcl\u00fck alt\u0131na girmeden bir M\u00fc\u015fteri Sipari\u015fini iptal etme hakk\u0131n\u0131 sakl\u0131 tutar.<\/li>\n<\/ul>\n\n\n\n<hr class=\"wp-block-separator has-alpha-channel-opacity\"\/>\n<\/div><\/div>\n","protected":false},"excerpt":{"rendered":"<p>Teslimat ve \u0130ade Ko\u015fullar\u0131 1. Sipari\u015f Onay\u0131 2. \u00dcr\u00fcn Teslimat\u0131 3. \u00dcr\u00fcn \u0130adesi 4. Sipari\u015f \u0130ptalleri<\/p>\n","protected":false},"author":1,"featured_media":0,"parent":0,"menu_order":0,"comment_status":"closed","ping_status":"closed","template":"","meta":{"nf_dc_page":"","_uag_custom_page_level_css":"","site-sidebar-layout":"default","site-content-layout":"","ast-site-content-layout":"","site-content-style":"default","site-sidebar-style":"default","ast-global-header-display":"","ast-banner-title-visibility":"","ast-main-header-display":"","ast-hfb-above-header-display":"","ast-hfb-below-header-display":"","ast-hfb-mobile-header-display":"","site-post-title":"disabled","ast-breadcrumbs-content":"","ast-featured-img":"","footer-sml-layout":"","ast-disable-related-posts":"","theme-transparent-header-meta":"","adv-header-id-meta":"","stick-header-meta":"","header-above-stick-meta":"","header-main-stick-meta":"","header-below-stick-meta":"","astra-migrate-meta-layouts":"default","ast-page-background-enabled":"default","ast-page-background-meta":{"desktop":{"background-color":"var(--ast-global-color-4)","background-image":"","background-repeat":"repeat","background-position":"center center","background-size":"auto","background-attachment":"scroll","background-type":"","background-media":"","overlay-type":"","overlay-color":"","overlay-opacity":"","overlay-gradient":""},"tablet":{"background-color":"","background-image":"","background-repeat":"repeat","background-position":"center center","background-size":"auto","background-attachment":"scroll","background-type":"","background-media":"","overlay-type":"","overlay-color":"","overlay-opacity":"","overlay-gradient":""},"mobile":{"background-color":"","background-image":"","background-repeat":"repeat","background-position":"center center","background-size":"auto","background-attachment":"scroll","background-type":"","background-media":"","overlay-type":"","overlay-color":"","overlay-opacity":"","overlay-gradient":""}},"ast-content-background-meta":{"desktop":{"background-color":"var(--ast-global-color-5)","background-image":"","background-repeat":"repeat","background-position":"center center","background-size":"auto","background-attachment":"scroll","background-type":"","background-media":"","overlay-type":"","overlay-color":"","overlay-opacity":"","overlay-gradient":""},"tablet":{"background-color":"var(--ast-global-color-5)","background-image":"","background-repeat":"repeat","background-position":"center center","background-size":"auto","background-attachment":"scroll","background-type":"","background-media":"","overlay-type":"","overlay-color":"","overlay-opacity":"","overlay-gradient":""},"mobile":{"background-color":"var(--ast-global-color-5)","background-image":"","background-repeat":"repeat","background-position":"center center","background-size":"auto","background-attachment":"scroll","background-type":"","background-media":"","overlay-type":"","overlay-color":"","overlay-opacity":"","overlay-gradient":""}},"footnotes":""},"class_list":["post-480","page","type-page","status-publish","hentry"],"uagb_featured_image_src":{"full":false,"thumbnail":false,"medium":false,"medium_large":false,"large":false,"1536x1536":false,"2048x2048":false},"uagb_author_info":{"display_name":"Ferit","author_link":"https:\/\/iligner.com\/tr\/author\/ferit\/"},"uagb_comment_info":0,"uagb_excerpt":"Teslimat ve \u0130ade Ko\u015fullar\u0131 1. Sipari\u015f Onay\u0131 2. \u00dcr\u00fcn Teslimat\u0131 3. \u00dcr\u00fcn \u0130adesi 4. Sipari\u015f \u0130ptalleri","jetpack_sharing_enabled":true,"_links":{"self":[{"href":"https:\/\/iligner.com\/tr\/wp-json\/wp\/v2\/pages\/480","targetHints":{"allow":["GET"]}}],"collection":[{"href":"https:\/\/iligner.com\/tr\/wp-json\/wp\/v2\/pages"}],"about":[{"href":"https:\/\/iligner.com\/tr\/wp-json\/wp\/v2\/types\/page"}],"author":[{"embeddable":true,"href":"https:\/\/iligner.com\/tr\/wp-json\/wp\/v2\/users\/1"}],"replies":[{"embeddable":true,"href":"https:\/\/iligner.com\/tr\/wp-json\/wp\/v2\/comments?post=480"}],"version-history":[{"count":2,"href":"https:\/\/iligner.com\/tr\/wp-json\/wp\/v2\/pages\/480\/revisions"}],"predecessor-version":[{"id":482,"href":"https:\/\/iligner.com\/tr\/wp-json\/wp\/v2\/pages\/480\/revisions\/482"}],"wp:attachment":[{"href":"https:\/\/iligner.com\/tr\/wp-json\/wp\/v2\/media?parent=480"}],"curies":[{"name":"wp","href":"https:\/\/api.w.org\/{rel}","templated":true}]}}