{"id":471,"date":"2025-02-09T22:14:24","date_gmt":"2025-02-09T22:14:24","guid":{"rendered":"https:\/\/iligner.com\/mesafeli-satis-sozlesmesi\/"},"modified":"2025-02-09T22:33:03","modified_gmt":"2025-02-09T22:33:03","slug":"mesafeli-satis-sozlesmesi","status":"publish","type":"page","link":"https:\/\/iligner.com\/tr\/mesafeli-satis-sozlesmesi\/","title":{"rendered":"Mesafeli Sat\u0131\u015f S\u00f6zle\u015fmesi"},"content":{"rendered":"\n<div class=\"wp-block-uagb-container uagb-block-25c5f236 alignfull uagb-is-root-container\"><div class=\"uagb-container-inner-blocks-wrap\">\n<hr class=\"wp-block-separator has-alpha-channel-opacity\"\/>\n\n\n\n<h1 class=\"wp-block-heading has-text-align-center\">Mesafeli Sat\u0131\u015f S\u00f6zle\u015fmesi<\/h1>\n\n\n\n<h2 class=\"wp-block-heading\" style=\"padding-top:var(--wp--preset--spacing--50)\"><strong>1. Taraflar<\/strong><\/h2>\n\n\n\n<ul class=\"wp-block-list has-medium-font-size\">\n<li>Sat\u0131c\u0131: EFAlign Sa\u011fl\u0131k Teknolojileri Limited \u015eirketi\n<ul class=\"wp-block-list\">\n<li>Adres Yenido\u011fan mah. Abdi \u0130pek\u00e7i cad. No:39 D:101 Bayrampa\u015fa \u0130stanbul, T\u00fcrkiye  <\/li>\n\n\n\n<li>E-posta: <a href=\"mailto:info@iligner.com\">info@iligner.com<\/a><\/li>\n\n\n\n<li>Telefon numaras\u0131: +90 541 860 60 61<\/li>\n<\/ul>\n<\/li>\n\n\n\n<li>Al\u0131c\u0131: (M\u00fc\u015fteri bilgileri)<\/li>\n<\/ul>\n\n\n\n<h2 class=\"wp-block-heading\" style=\"padding-top:var(--wp--preset--spacing--50);padding-bottom:0\"><strong>2. S\u00f6zle\u015fmenin Konusu<\/strong><\/h2>\n\n\n\n<p class=\"has-medium-font-size\">\u0130\u015fbu S\u00f6zle\u015fme, Al\u0131c\u0131&#8217;n\u0131n Sat\u0131c\u0131&#8217;ya ait internet sitesi \u00fczerinden elektronik ortamda sipari\u015fini yapt\u0131\u011f\u0131 a\u015fa\u011f\u0131da nitelikleri ve sat\u0131\u015f fiyat\u0131 belirtilen \u00fcr\u00fcn\u00fcn sat\u0131\u015f\u0131 ve teslimi ile ilgili olarak 6502 say\u0131l\u0131 T\u00fcketicinin Korunmas\u0131 Hakk\u0131ndaki Kanun ve Mesafeli S\u00f6zle\u015fmelere Dair Y\u00f6netmelik h\u00fck\u00fcmleri gere\u011fince taraflar\u0131n hak ve y\u00fck\u00fcml\u00fcl\u00fcklerinin saptanmas\u0131 amac\u0131n\u0131 ta\u015f\u0131maktad\u0131r. 6502 say\u0131l\u0131 T\u00fcketicinin Korunmas\u0131 Hakk\u0131nda Kanun ve Mesafeli S\u00f6zle\u015fmelere Dair Y\u00f6netmelik h\u00fck\u00fcmleri gere\u011fince taraflar\u0131n hak ve y\u00fck\u00fcml\u00fcl\u00fcklerinin saptanmas\u0131 amac\u0131yla d\u00fczenlenmi\u015ftir.<\/p>\n\n\n\n<h2 class=\"wp-block-heading\" style=\"padding-top:var(--wp--preset--spacing--50)\"><strong>3. \u00dcr\u00fcn Bilgileri<\/strong><\/h2>\n\n\n\n<ul class=\"wp-block-list has-medium-font-size\">\n<li>iLigner \u015eeffaf Hizalay\u0131c\u0131lar<\/li>\n\n\n\n<li>Perla Tutucu<\/li>\n<\/ul>\n\n\n\n<h2 class=\"wp-block-heading\" style=\"padding-top:var(--wp--preset--spacing--50)\"><strong>4. Sipari\u015f ve \u00d6deme<\/strong><\/h2>\n\n\n\n<ul class=\"wp-block-list has-medium-font-size\">\n<li>Al\u0131c\u0131, sipari\u015fini web sitesi \u00fczerinden elektronik olarak verecektir.<\/li>\n\n\n\n<li>\u00d6deme kredi kart\u0131 veya banka havalesi ile yap\u0131labilir.<\/li>\n<\/ul>\n\n\n\n<h2 class=\"wp-block-heading\" style=\"padding-top:var(--wp--preset--spacing--50)\"><strong>5. Teslimat<\/strong><\/h2>\n\n\n\n<ul class=\"wp-block-list has-medium-font-size\">\n<li>\u00dcr\u00fcnler onay tarihinden itibaren en ge\u00e7 30 g\u00fcn i\u00e7erisinde Al\u0131c\u0131&#8217;ya teslim edilecektir.<\/li>\n\n\n\n<li>Teslimat masraflar\u0131 Al\u0131c\u0131ya aittir.<\/li>\n<\/ul>\n\n\n\n<h2 class=\"wp-block-heading\" style=\"padding-top:var(--wp--preset--spacing--50)\"><strong>6. \u00c7ekilme Hakk\u0131<\/strong><\/h2>\n\n\n\n<ul class=\"wp-block-list has-medium-font-size\">\n<li>Al\u0131c\u0131, iLign Pro tedavi plan\u0131n\u0131 onaylamadan \u00f6nce istedi\u011fi zaman sipari\u015fini iptal etme hakk\u0131na sahiptir.<\/li>\n\n\n\n<li>iLign Pro tedavi plan\u0131 onayland\u0131ktan sonra, ancak iLigner&#8217;lar g\u00f6nderilmeden \u00f6nce, Al\u0131c\u0131 sipari\u015fini iptal edebilir; ancak bu durumda, net fatura tutar\u0131n\u0131n %80&#8217;i iptal \u00fccreti olarak tahsil edilecektir.<\/li>\n\n\n\n<li>Al\u0131c\u0131, iLigner&#8217;lar g\u00f6nderildikten sonra sipari\u015fini iptal edemez.<\/li>\n\n\n\n<li>Al\u0131c\u0131, iLigner&#8217;lar\u0131 teslim ald\u0131ktan sonra cayma hakk\u0131n\u0131 kullanamaz, \u00e7\u00fcnk\u00fc iLigner&#8217;lar \u00f6zel yap\u0131md\u0131r ve ba\u015fka bir hastaya sat\u0131lamaz.<\/li>\n\n\n\n<li>Al\u0131c\u0131n\u0131n Perla Retainer sipari\u015fini iptal etmesi durumunda para iadesi yap\u0131lmayacakt\u0131r.<\/li>\n<\/ul>\n\n\n\n<h2 class=\"wp-block-heading\" style=\"padding-top:var(--wp--preset--spacing--50)\"><strong>7. Garanti<\/strong><\/h2>\n\n\n\n<ul class=\"wp-block-list has-medium-font-size\">\n<li>\u00dcr\u00fcnler, \u00fcretici taraf\u0131ndan sa\u011flanan garanti ko\u015fullar\u0131na tabidir.<\/li>\n<\/ul>\n\n\n\n<h2 class=\"wp-block-heading\" style=\"padding-top:var(--wp--preset--spacing--50)\"><strong>8 Anla\u015fmazl\u0131klar\u0131n \u00c7\u00f6z\u00fcm\u00fc<\/strong><\/h2>\n\n\n\n<ul class=\"wp-block-list has-medium-font-size\">\n<li>\u0130\u015fbu S\u00f6zle\u015fmeden do\u011facak ihtilaflarda \u0130stanbul Mahkemeleri ve \u0130cra Daireleri yetkilidir.<\/li>\n<\/ul>\n\n\n\n<hr class=\"wp-block-separator has-alpha-channel-opacity\"\/>\n<\/div><\/div>\n","protected":false},"excerpt":{"rendered":"<p>Mesafeli Sat\u0131\u015f S\u00f6zle\u015fmesi 1. Taraflar 2. S\u00f6zle\u015fmenin Konusu \u0130\u015fbu S\u00f6zle\u015fme, Al\u0131c\u0131&#8217;n\u0131n Sat\u0131c\u0131&#8217;ya ait internet sitesi \u00fczerinden elektronik ortamda sipari\u015fini yapt\u0131\u011f\u0131 [&hellip;]<\/p>\n","protected":false},"author":1,"featured_media":0,"parent":0,"menu_order":0,"comment_status":"closed","ping_status":"closed","template":"","meta":{"nf_dc_page":"","_uag_custom_page_level_css":"","site-sidebar-layout":"default","site-content-layout":"","ast-site-content-layout":"","site-content-style":"default","site-sidebar-style":"default","ast-global-header-display":"","ast-banner-title-visibility":"","ast-main-header-display":"","ast-hfb-above-header-display":"","ast-hfb-below-header-display":"","ast-hfb-mobile-header-display":"","site-post-title":"disabled","ast-breadcrumbs-content":"","ast-featured-img":"","footer-sml-layout":"","ast-disable-related-posts":"","theme-transparent-header-meta":"","adv-header-id-meta":"","stick-header-meta":"","header-above-stick-meta":"","header-main-stick-meta":"","header-below-stick-meta":"","astra-migrate-meta-layouts":"default","ast-page-background-enabled":"default","ast-page-background-meta":{"desktop":{"background-color":"var(--ast-global-color-4)","background-image":"","background-repeat":"repeat","background-position":"center center","background-size":"auto","background-attachment":"scroll","background-type":"","background-media":"","overlay-type":"","overlay-color":"","overlay-opacity":"","overlay-gradient":""},"tablet":{"background-color":"","background-image":"","background-repeat":"repeat","background-position":"center center","background-size":"auto","background-attachment":"scroll","background-type":"","background-media":"","overlay-type":"","overlay-color":"","overlay-opacity":"","overlay-gradient":""},"mobile":{"background-color":"","background-image":"","background-repeat":"repeat","background-position":"center center","background-size":"auto","background-attachment":"scroll","background-type":"","background-media":"","overlay-type":"","overlay-color":"","overlay-opacity":"","overlay-gradient":""}},"ast-content-background-meta":{"desktop":{"background-color":"var(--ast-global-color-5)","background-image":"","background-repeat":"repeat","background-position":"center center","background-size":"auto","background-attachment":"scroll","background-type":"","background-media":"","overlay-type":"","overlay-color":"","overlay-opacity":"","overlay-gradient":""},"tablet":{"background-color":"var(--ast-global-color-5)","background-image":"","background-repeat":"repeat","background-position":"center center","background-size":"auto","background-attachment":"scroll","background-type":"","background-media":"","overlay-type":"","overlay-color":"","overlay-opacity":"","overlay-gradient":""},"mobile":{"background-color":"var(--ast-global-color-5)","background-image":"","background-repeat":"repeat","background-position":"center center","background-size":"auto","background-attachment":"scroll","background-type":"","background-media":"","overlay-type":"","overlay-color":"","overlay-opacity":"","overlay-gradient":""}},"footnotes":""},"class_list":["post-471","page","type-page","status-publish","hentry"],"uagb_featured_image_src":{"full":false,"thumbnail":false,"medium":false,"medium_large":false,"large":false,"1536x1536":false,"2048x2048":false},"uagb_author_info":{"display_name":"Ferit","author_link":"https:\/\/iligner.com\/tr\/author\/ferit\/"},"uagb_comment_info":0,"uagb_excerpt":"Mesafeli Sat\u0131\u015f S\u00f6zle\u015fmesi 1. Taraflar 2. S\u00f6zle\u015fmenin Konusu \u0130\u015fbu S\u00f6zle\u015fme, Al\u0131c\u0131&#8217;n\u0131n Sat\u0131c\u0131&#8217;ya ait internet sitesi \u00fczerinden elektronik ortamda sipari\u015fini yapt\u0131\u011f\u0131 [&hellip;]","jetpack_sharing_enabled":true,"_links":{"self":[{"href":"https:\/\/iligner.com\/tr\/wp-json\/wp\/v2\/pages\/471","targetHints":{"allow":["GET"]}}],"collection":[{"href":"https:\/\/iligner.com\/tr\/wp-json\/wp\/v2\/pages"}],"about":[{"href":"https:\/\/iligner.com\/tr\/wp-json\/wp\/v2\/types\/page"}],"author":[{"embeddable":true,"href":"https:\/\/iligner.com\/tr\/wp-json\/wp\/v2\/users\/1"}],"replies":[{"embeddable":true,"href":"https:\/\/iligner.com\/tr\/wp-json\/wp\/v2\/comments?post=471"}],"version-history":[{"count":2,"href":"https:\/\/iligner.com\/tr\/wp-json\/wp\/v2\/pages\/471\/revisions"}],"predecessor-version":[{"id":473,"href":"https:\/\/iligner.com\/tr\/wp-json\/wp\/v2\/pages\/471\/revisions\/473"}],"wp:attachment":[{"href":"https:\/\/iligner.com\/tr\/wp-json\/wp\/v2\/media?parent=471"}],"curies":[{"name":"wp","href":"https:\/\/api.w.org\/{rel}","templated":true}]}}