{"id":326,"date":"2024-08-22T07:46:45","date_gmt":"2024-08-22T07:46:45","guid":{"rendered":"https:\/\/iligner.com\/ev\/"},"modified":"2024-09-01T11:50:10","modified_gmt":"2024-09-01T11:50:10","slug":"ev","status":"publish","type":"page","link":"https:\/\/iligner.com\/tr\/","title":{"rendered":"Ana Sayfa"},"content":{"rendered":"\n<div class=\"wp-block-uagb-container uagb-block-cd08ac4c alignfull uagb-is-root-container\"><div class=\"uagb-container-inner-blocks-wrap\">\n<div class=\"wp-block-uagb-info-box uagb-block-1cbb6637 uagb-infobox__content-wrap  uagb-infobox-icon-above-title uagb-infobox-image-valign-top wp-block-uagb-info-box--has-margin\"><div class=\"uagb-infobox-margin-wrapper\"><div class=\"uagb-ifb-content\"><div class=\"uagb-ifb-title-wrap\"><h1 class=\"uagb-ifb-title\">\u00d6zg\u00fcvenli Bir G\u00fcl\u00fc\u015f \u0130\u00e7in \u0130leri Teknoloji<br\/><\/h1><\/div><div class=\"uagb-ifb-button-wrapper wp-block-button\"><a href=\"https:\/\/iligner.com\/tr\/?page_id=296\" class=\"uagb-infobox-cta-link wp-block-button__link\" target=\"_self\" rel=\"noopener noreferrer\" onclick=\"return true;\"><span class=\"uagb-inline-editing\">iLigner hakk\u0131nda daha fazla bilgi<\/span><\/a><\/div><\/div><\/div><\/div>\n<\/div><\/div>\n\n<div class=\"wp-block-uagb-container uagb-block-483a92cd alignfull uagb-is-root-container\"><div class=\"uagb-container-inner-blocks-wrap\">\n<div class=\"wp-block-uagb-container uagb-block-4b1402aa\">\n<div class=\"wp-block-uagb-info-box uagb-block-95a5feec uagb-infobox__content-wrap  uagb-infobox-icon-above-title uagb-infobox-image-valign-top wp-block-uagb-info-box--has-margin\"><div class=\"uagb-infobox-margin-wrapper\"><div class=\"uagb-ifb-content\"><div class=\"uagb-ifb-title-wrap\"><span class=\"uagb-ifb-title-prefix\">Hakk\u0131m\u0131zda<\/span><h2 class=\"uagb-ifb-title\">Teknoloji Ortodonti ile Bulu\u015fuyor<\/h2><\/div><p class=\"uagb-ifb-desc\">G\u00fczel g\u00fcl\u00fc\u015fler yaratmak i\u00e7in teknolojiyi kullanma tutkusuna sahip d\u00f6rt deneyimli ortodontist taraf\u0131ndan kurulan \u015feffaf plak \u015firketi iLigner&#8217;a ho\u015f geldiniz. Hastalar\u0131m\u0131za yenilik ve kalite odakl\u0131 yeni bir bak\u0131m seviyesi sunmak i\u00e7in iLigner&#8217;\u0131 kurduk. <\/p><div class=\"uagb-ifb-button-wrapper wp-block-button\"><a href=\"https:\/\/iligner.com\/tr\/?page_id=296\" class=\"uagb-infobox-cta-link wp-block-button__link\" target=\"_self\" rel=\"noopener noreferrer\" onclick=\"return true;\"><span class=\"uagb-inline-editing\">Daha fazla<\/span><svg xmlns=\"https:\/\/www.w3.org\/2000\/svg\" viewbox=\"0 0 512 512\"><path d=\"M504.3 273.6l-112.1 104c-6.992 6.484-17.18 8.218-25.94 4.406c-8.758-3.812-14.42-12.45-14.42-21.1L351.9 288H32C14.33 288 .0002 273.7 .0002 255.1S14.33 224 32 224h319.9l0-72c0-9.547 5.66-18.19 14.42-22c8.754-3.809 18.95-2.075 25.94 4.41l112.1 104C514.6 247.9 514.6 264.1 504.3 273.6z\"><\/path><\/svg><\/a><\/div><\/div><\/div><\/div>\n<\/div>\n\n\n\n<div class=\"wp-block-uagb-container uagb-block-1e7d4779\">\n<div class=\"aligncenter wp-block-uagb-image alignleft uagb-block-b14d98aa wp-block-uagb-image--layout-default wp-block-uagb-image--effect-static wp-block-uagb-image--align-left\"><figure class=\"wp-block-uagb-image__figure\"><img data-recalc-dims=\"1\" decoding=\"async\" srcset=\"https:\/\/iligner.com\/wp-content\/uploads\/2024\/03\/about-us.jpg ,https:\/\/iligner.com\/wp-content\/uploads\/2024\/03\/about-us.jpg 780w, https:\/\/iligner.com\/wp-content\/uploads\/2024\/03\/about-us.jpg 360w\" sizes=\"auto, (max-width: 480px) 150px\" src=\"https:\/\/i0.wp.com\/iligner.com\/wp-content\/uploads\/2024\/03\/about-us.jpg?resize=600%2C626&#038;ssl=1\" alt=\"\" class=\"uag-image-5\" width=\"600\" height=\"626\" title=\"hakk\u0131m\u0131zda\" loading=\"lazy\" role=\"img\"><\/figure><\/div>\n<\/div>\n<\/div><\/div>\n\n<div class=\"wp-block-uagb-container uagb-block-e6e6d851 alignfull uagb-is-root-container\"><div class=\"uagb-container-inner-blocks-wrap\">\n<div class=\"wp-block-uagb-info-box uagb-block-209471ca uagb-infobox__content-wrap  uagb-infobox-icon-above-title uagb-infobox-image-valign-top wp-block-uagb-info-box--has-margin\"><div class=\"uagb-infobox-margin-wrapper\"><div class=\"uagb-ifb-content\"><div class=\"uagb-ifb-title-wrap\"><h2 class=\"uagb-ifb-title\">Yenilik, \u015eeffafl\u0131k ve Eri\u015filebilirlik: Ortodontik Tedaviyi Yeniden Tan\u0131mlamak<\/h2><\/div><\/div><\/div><\/div>\n\n\n\n<div class=\"wp-block-uagb-container uagb-block-aef26be5\">\n<div class=\"wp-block-uagb-info-box uagb-block-7b3f2fde uagb-infobox__content-wrap  uagb-infobox-icon-above-title uagb-infobox-image-valign-top wp-block-uagb-info-box--has-margin\"><div class=\"uagb-infobox-margin-wrapper\"><div class=\"uagb-ifb-content\"><div class=\"uagb-ifb-title-wrap\"><p class=\"uagb-ifb-title-prefix\">01<\/p><h3 class=\"uagb-ifb-title\">\u0130novasyon<\/h3><\/div><p class=\"uagb-ifb-desc\">Ortodontik geli\u015fmelerde bir ad\u0131m \u00f6nde olmak i\u00e7in \u00fcr\u00fcnlerimizi ve hizmetlerimizi s\u00fcrekli olarak geli\u015ftirmeye \u00e7al\u0131\u015f\u0131yoruz<\/p><\/div><\/div><\/div>\n\n\n\n<div class=\"wp-block-uagb-info-box uagb-block-7c94c1b9 uagb-infobox__content-wrap  uagb-infobox-icon-above-title uagb-infobox-image-valign-top wp-block-uagb-info-box--has-margin\"><div class=\"uagb-infobox-margin-wrapper\"><div class=\"uagb-ifb-content\"><div class=\"uagb-ifb-title-wrap\"><p class=\"uagb-ifb-title-prefix\">02<\/p><h3 class=\"uagb-ifb-title\">Ekonomik<\/h3><\/div><p class=\"uagb-ifb-desc\">S\u00fcre\u00e7leri kolayla\u015ft\u0131r\u0131yor ve uygun maliyetli \u00e7\u00f6z\u00fcmler sunarak hasta taban\u0131n\u0131z\u0131 geni\u015fletmenizi ve muayenehanenizi b\u00fcy\u00fctmenizi sa\u011fl\u0131yoruz.<\/p><\/div><\/div><\/div>\n\n\n\n<div class=\"wp-block-uagb-info-box uagb-block-d0590ba5 uagb-infobox__content-wrap  uagb-infobox-icon-above-title uagb-infobox-image-valign-top wp-block-uagb-info-box--has-margin\"><div class=\"uagb-infobox-margin-wrapper\"><div class=\"uagb-ifb-content\"><div class=\"uagb-ifb-title-wrap\"><p class=\"uagb-ifb-title-prefix\">03<\/p><h3 class=\"uagb-ifb-title\">Sa\u011fl\u0131kl\u0131 G\u00fcl\u00fc\u015fler Yaratmak<\/h3><\/div><p class=\"uagb-ifb-desc\">Hayatlar\u0131 de\u011fi\u015ftirecek d\u00f6n\u00fc\u015f\u00fcmler yaratman\u0131z\u0131 ve hastalar\u0131n\u0131z\u0131n refah\u0131 \u00fczerinde kal\u0131c\u0131 bir etki yaratman\u0131z\u0131 sa\u011fl\u0131yoruz.<\/p><\/div><\/div><\/div>\n<\/div>\n<\/div><\/div>\n\n<div class=\"wp-block-uagb-container uag-hide-desktop uag-hide-tab uag-hide-mob uagb-block-bd294b54 alignfull uagb-is-root-container\"><div class=\"uagb-container-inner-blocks-wrap\">\n<div class=\"wp-block-uagb-container uagb-block-be752df5\">\n<div class=\"wp-block-uagb-info-box uagb-block-96de7bfb uagb-infobox__content-wrap  uagb-infobox-icon-above-title uagb-infobox-image-valign-top wp-block-uagb-info-box--has-margin\"><div class=\"uagb-infobox-margin-wrapper\"><div class=\"uagb-ifb-content\"><div class=\"uagb-ifb-title-wrap\"><span class=\"uagb-ifb-title-prefix\">\u0130nsanlar\u0131n i\u015fletmenizi tercih etmesini sa\u011flayan \u015feyin ne oldu\u011funu anlatan bir \u00f6nek yazaca\u011f\u0131z<\/span><h2 class=\"uagb-ifb-title\">\u015eirket Hakk\u0131nda B\u00f6l\u00fcm\u00fcn\u00fcn Ba\u015fl\u0131\u011f\u0131 Burada Olacak<\/h2><\/div><p class=\"uagb-ifb-desc\">Bu b\u00f6l\u00fcmde, \u015firketinizin benzersiz de\u011fer \u00f6nerisini k\u0131saca a\u00e7\u0131klayan bir alt ba\u015fl\u0131k yazaca\u011f\u0131z.<\/p><\/div><\/div><\/div>\n<\/div>\n\n\n\n<div class=\"wp-block-uagb-container uagb-block-5b819529\">\n<div class=\"wp-block-uagb-advanced-heading uagb-block-4b269d2c\"><h3 class=\"uagb-heading-text\">Benzersiz De\u011fer \u00d6nerisi 1<\/h3><p class=\"uagb-desc-text\">Bu b\u00f6l\u00fcmde, i\u015fletmenizi benzersiz k\u0131lan ve insanlar\u0131n rakiplerinize k\u0131yasla sizin \u00fcr\u00fcn veya hizmetlerinizi kullanmaktan elde ettikleri de\u011fer hakk\u0131nda yazaca\u011f\u0131z.<\/p><\/div>\n\n\n\n<div class=\"wp-block-uagb-advanced-heading uagb-block-bf44b603\"><div class=\"uagb-separator\"><\/div><h3 class=\"uagb-heading-text\">Benzersiz De\u011fer \u00d6nerisi 2<\/h3><p class=\"uagb-desc-text\">Bu b\u00f6l\u00fcmde, i\u015fletmenizi benzersiz k\u0131lan ve insanlar\u0131n rakiplerinize k\u0131yasla sizin \u00fcr\u00fcn veya hizmetlerinizi kullanmaktan elde ettikleri de\u011fer hakk\u0131nda yazaca\u011f\u0131z.<\/p><\/div>\n\n\n\n<div class=\"wp-block-uagb-advanced-heading uagb-block-22b475f2\"><div class=\"uagb-separator\"><\/div><h3 class=\"uagb-heading-text\">Benzersiz De\u011fer \u00d6nerisi 3<\/h3><p class=\"uagb-desc-text\">Bu b\u00f6l\u00fcmde, i\u015fletmenizi benzersiz k\u0131lan ve insanlar\u0131n rakiplerinize k\u0131yasla sizin \u00fcr\u00fcn veya hizmetlerinizi kullanmaktan elde ettikleri de\u011fer hakk\u0131nda yazaca\u011f\u0131z.<\/p><\/div>\n<\/div>\n<\/div><\/div>\n\n<div class=\"wp-block-uagb-container uag-hide-desktop uag-hide-tab uag-hide-mob uagb-block-ce5ee59e alignfull uagb-is-root-container\"><div class=\"uagb-container-inner-blocks-wrap\">\n<div class=\"wp-block-uagb-advanced-heading uagb-block-f9bf445f\"><h2 class=\"uagb-heading-text\">G\u00f6r\u00fc\u015fler B\u00f6l\u00fcm\u00fc i\u00e7in K\u0131sa Ba\u015fl\u0131k<\/h2><\/div>\n\n\n\n<div class=\"wp-block-uagb-container uagb-block-98ff33b0\">\n<div class=\"wp-block-uagb-container uagb-block-5b50982f\">\n<div class=\"wp-block-uagb-info-box uagb-block-ed3b8211 uagb-infobox__content-wrap  uagb-infobox-icon-above-title uagb-infobox-image-valign-top\"><div class=\"uagb-ifb-content\"><div class=\"uagb-ifb-icon-wrap\"><svg xmlns=\"https:\/\/www.w3.org\/2000\/svg\" viewbox=\"0 0 448 512\"><path d=\"M96 224C84.72 224 74.05 226.3 64 229.9V224c0-35.3 28.7-64 64-64c17.67 0 32-14.33 32-32S145.7 96 128 96C57.42 96 0 153.4 0 224v96c0 53.02 42.98 96 96 96s96-42.98 96-96S149 224 96 224zM352 224c-11.28 0-21.95 2.305-32 5.879V224c0-35.3 28.7-64 64-64c17.67 0 32-14.33 32-32s-14.33-32-32-32c-70.58 0-128 57.42-128 128v96c0 53.02 42.98 96 96 96s96-42.98 96-96S405 224 352 224z\"><\/path><\/svg><\/div><div class=\"uagb-ifb-title-wrap\"><p class=\"uagb-ifb-title\">&#8220;Memnun bir m\u00fc\u015fteriden varsay\u0131msal bir referans yazaca\u011f\u0131z. Bunu m\u00fc\u015fterilerinizden gelen ger\u00e7ek referanslarla de\u011fi\u015ftirebilirsiniz. Referanslar, potansiyel m\u00fc\u015fterilerin size g\u00fcvenmesini sa\u011flamak i\u00e7in harika bir yoldur.&#8221;<\/p><\/div><p class=\"uagb-ifb-desc\">&#8211; Referans Yazar Ad\u0131<\/p><\/div><\/div>\n<\/div>\n\n\n\n<div class=\"wp-block-uagb-container uagb-block-62a4f722\">\n<div class=\"wp-block-uagb-info-box uagb-block-5dbd5797 uagb-infobox__content-wrap  uagb-infobox-icon-above-title uagb-infobox-image-valign-top\"><div class=\"uagb-ifb-content\"><div class=\"uagb-ifb-icon-wrap\"><svg xmlns=\"https:\/\/www.w3.org\/2000\/svg\" viewbox=\"0 0 448 512\"><path d=\"M96 224C84.72 224 74.05 226.3 64 229.9V224c0-35.3 28.7-64 64-64c17.67 0 32-14.33 32-32S145.7 96 128 96C57.42 96 0 153.4 0 224v96c0 53.02 42.98 96 96 96s96-42.98 96-96S149 224 96 224zM352 224c-11.28 0-21.95 2.305-32 5.879V224c0-35.3 28.7-64 64-64c17.67 0 32-14.33 32-32s-14.33-32-32-32c-70.58 0-128 57.42-128 128v96c0 53.02 42.98 96 96 96s96-42.98 96-96S405 224 352 224z\"><\/path><\/svg><\/div><div class=\"uagb-ifb-title-wrap\"><p class=\"uagb-ifb-title\">&#8220;Memnun bir m\u00fc\u015fteriden varsay\u0131msal bir referans yazaca\u011f\u0131z. Bunu m\u00fc\u015fterilerinizden gelen ger\u00e7ek referanslarla de\u011fi\u015ftirebilirsiniz. Referanslar, potansiyel m\u00fc\u015fterilerin size g\u00fcvenmesini sa\u011flamak i\u00e7in harika bir yoldur.&#8221;<\/p><\/div><p class=\"uagb-ifb-desc\">&#8211; Referans Yazar Ad\u0131<\/p><\/div><\/div>\n<\/div>\n\n\n\n<div class=\"wp-block-uagb-container uagb-block-8a5f7ed1\">\n<div class=\"wp-block-uagb-info-box uagb-block-7703305f uagb-infobox__content-wrap  uagb-infobox-icon-above-title uagb-infobox-image-valign-top\"><div class=\"uagb-ifb-content\"><div class=\"uagb-ifb-icon-wrap\"><svg xmlns=\"https:\/\/www.w3.org\/2000\/svg\" viewbox=\"0 0 448 512\"><path d=\"M96 224C84.72 224 74.05 226.3 64 229.9V224c0-35.3 28.7-64 64-64c17.67 0 32-14.33 32-32S145.7 96 128 96C57.42 96 0 153.4 0 224v96c0 53.02 42.98 96 96 96s96-42.98 96-96S149 224 96 224zM352 224c-11.28 0-21.95 2.305-32 5.879V224c0-35.3 28.7-64 64-64c17.67 0 32-14.33 32-32s-14.33-32-32-32c-70.58 0-128 57.42-128 128v96c0 53.02 42.98 96 96 96s96-42.98 96-96S405 224 352 224z\"><\/path><\/svg><\/div><div class=\"uagb-ifb-title-wrap\"><p class=\"uagb-ifb-title\">&#8220;Memnun bir m\u00fc\u015fteriden varsay\u0131msal bir referans yazaca\u011f\u0131z. Bunu m\u00fc\u015fterilerinizden gelen ger\u00e7ek referanslarla de\u011fi\u015ftirebilirsiniz. Referanslar, potansiyel m\u00fc\u015fterilerin size g\u00fcvenmesini sa\u011flamak i\u00e7in harika bir yoldur.&#8221;<\/p><\/div><p class=\"uagb-ifb-desc\">&#8211; Referans Yazar Ad\u0131<\/p><\/div><\/div>\n<\/div>\n<\/div>\n<\/div><\/div>\n\n<div class=\"wp-block-uagb-container uag-hide-desktop uag-hide-tab uag-hide-mob uagb-block-0d6e6fa5 alignfull uagb-is-root-container\"><div class=\"uagb-container-inner-blocks-wrap\">\n<div class=\"wp-block-uagb-info-box uagb-block-a3aa2356 uagb-infobox__content-wrap  uagb-infobox-icon-above-title uagb-infobox-image-valign-top wp-block-uagb-info-box--has-margin\"><div class=\"uagb-infobox-margin-wrapper\"><div class=\"uagb-ifb-content\"><div class=\"uagb-ifb-title-wrap\"><span class=\"uagb-ifb-title-prefix\">Altbilgi Eylem \u00c7a\u011fr\u0131s\u0131 b\u00f6l\u00fcm\u00fc i\u00e7in \u00f6nek burada olacakt\u0131r<\/span><h2 class=\"uagb-ifb-title\">Burada Kitlenizin \u0130lgisini \u00c7ekmek \u0130\u00e7in \u0130kna Edici Bir Eylem \u00c7a\u011fr\u0131s\u0131 Yazaca\u011f\u0131z<\/h2><\/div><div class=\"uagb-ifb-button-wrapper wp-block-button\"><a href=\"#\" class=\"uagb-infobox-cta-link wp-block-button__link\" target=\"_self\" rel=\"noopener noreferrer\" onclick=\"return false;\"><span class=\"uagb-inline-editing\">Harekete Ge\u00e7me \u00c7a\u011fr\u0131s\u0131<\/span><\/a><\/div><\/div><\/div><\/div>\n<\/div><\/div>\n","protected":false},"excerpt":{"rendered":"<p>Benzersiz De\u011fer \u00d6nerisi 1 Bu b\u00f6l\u00fcmde, i\u015fletmenizi benzersiz k\u0131lan ve insanlar\u0131n rakiplerinize k\u0131yasla sizin \u00fcr\u00fcn veya hizmetlerinizi kullanmaktan elde ettikleri [&hellip;]<\/p>\n","protected":false},"author":1,"featured_media":0,"parent":0,"menu_order":0,"comment_status":"closed","ping_status":"closed","template":"","meta":{"nf_dc_page":"","_uag_custom_page_level_css":"","site-sidebar-layout":"default","site-content-layout":"","ast-site-content-layout":"full-width-container","site-content-style":"default","site-sidebar-style":"default","ast-global-header-display":"","ast-banner-title-visibility":"","ast-main-header-display":"","ast-hfb-above-header-display":"","ast-hfb-below-header-display":"","ast-hfb-mobile-header-display":"","site-post-title":"disabled","ast-breadcrumbs-content":"","ast-featured-img":"","footer-sml-layout":"","ast-disable-related-posts":"","theme-transparent-header-meta":"enabled","adv-header-id-meta":"","stick-header-meta":"","header-above-stick-meta":"","header-main-stick-meta":"","header-below-stick-meta":"","astra-migrate-meta-layouts":"default","ast-page-background-enabled":"default","ast-page-background-meta":{"desktop":{"background-color":"var(--ast-global-color-4)","background-image":"","background-repeat":"repeat","background-position":"center center","background-size":"auto","background-attachment":"scroll","background-type":"","background-media":"","overlay-type":"","overlay-color":"","overlay-opacity":"","overlay-gradient":""},"tablet":{"background-color":"","background-image":"","background-repeat":"repeat","background-position":"center center","background-size":"auto","background-attachment":"scroll","background-type":"","background-media":"","overlay-type":"","overlay-color":"","overlay-opacity":"","overlay-gradient":""},"mobile":{"background-color":"","background-image":"","background-repeat":"repeat","background-position":"center center","background-size":"auto","background-attachment":"scroll","background-type":"","background-media":"","overlay-type":"","overlay-color":"","overlay-opacity":"","overlay-gradient":""}},"ast-content-background-meta":{"desktop":{"background-color":"var(--ast-global-color-5)","background-image":"","background-repeat":"repeat","background-position":"center center","background-size":"auto","background-attachment":"scroll","background-type":"","background-media":"","overlay-type":"","overlay-color":"","overlay-opacity":"","overlay-gradient":""},"tablet":{"background-color":"var(--ast-global-color-5)","background-image":"","background-repeat":"repeat","background-position":"center center","background-size":"auto","background-attachment":"scroll","background-type":"","background-media":"","overlay-type":"","overlay-color":"","overlay-opacity":"","overlay-gradient":""},"mobile":{"background-color":"var(--ast-global-color-5)","background-image":"","background-repeat":"repeat","background-position":"center center","background-size":"auto","background-attachment":"scroll","background-type":"","background-media":"","overlay-type":"","overlay-color":"","overlay-opacity":"","overlay-gradient":""}},"footnotes":""},"class_list":["post-326","page","type-page","status-publish","hentry"],"uagb_featured_image_src":{"full":false,"thumbnail":false,"medium":false,"medium_large":false,"large":false,"1536x1536":false,"2048x2048":false},"uagb_author_info":{"display_name":"Ferit","author_link":"https:\/\/iligner.com\/tr\/author\/ferit\/"},"uagb_comment_info":0,"uagb_excerpt":"Benzersiz De\u011fer \u00d6nerisi 1 Bu b\u00f6l\u00fcmde, i\u015fletmenizi benzersiz k\u0131lan ve insanlar\u0131n rakiplerinize k\u0131yasla sizin \u00fcr\u00fcn veya hizmetlerinizi kullanmaktan elde ettikleri [&hellip;]","jetpack_sharing_enabled":true,"_links":{"self":[{"href":"https:\/\/iligner.com\/tr\/wp-json\/wp\/v2\/pages\/326","targetHints":{"allow":["GET"]}}],"collection":[{"href":"https:\/\/iligner.com\/tr\/wp-json\/wp\/v2\/pages"}],"about":[{"href":"https:\/\/iligner.com\/tr\/wp-json\/wp\/v2\/types\/page"}],"author":[{"embeddable":true,"href":"https:\/\/iligner.com\/tr\/wp-json\/wp\/v2\/users\/1"}],"replies":[{"embeddable":true,"href":"https:\/\/iligner.com\/tr\/wp-json\/wp\/v2\/comments?post=326"}],"version-history":[{"count":5,"href":"https:\/\/iligner.com\/tr\/wp-json\/wp\/v2\/pages\/326\/revisions"}],"predecessor-version":[{"id":344,"href":"https:\/\/iligner.com\/tr\/wp-json\/wp\/v2\/pages\/326\/revisions\/344"}],"wp:attachment":[{"href":"https:\/\/iligner.com\/tr\/wp-json\/wp\/v2\/media?parent=326"}],"curies":[{"name":"wp","href":"https:\/\/api.w.org\/{rel}","templated":true}]}}