{"id":296,"date":"2024-08-22T07:46:46","date_gmt":"2024-08-22T07:46:46","guid":{"rendered":"https:\/\/iligner.com\/hakkinda\/"},"modified":"2024-09-01T11:51:44","modified_gmt":"2024-09-01T11:51:44","slug":"hakkimizda","status":"publish","type":"page","link":"https:\/\/iligner.com\/tr\/hakkimizda\/","title":{"rendered":"Hakk\u0131m\u0131zda"},"content":{"rendered":"\n<div class=\"wp-block-uagb-container uagb-block-c53a128d alignfull uagb-is-root-container\"><div class=\"uagb-container-inner-blocks-wrap\">\n<div class=\"wp-block-uagb-info-box uagb-block-b648e985 uagb-infobox__content-wrap  uagb-infobox-icon-above-title uagb-infobox-image-valign-top wp-block-uagb-info-box--has-margin\"><div class=\"uagb-infobox-margin-wrapper\"><div class=\"uagb-ifb-content\"><div class=\"uagb-ifb-title-wrap\"><p class=\"uagb-ifb-title-prefix\">About Us<\/p><h1 class=\"uagb-ifb-title\">iLigner &#8211; Di\u015fleri D\u00fczeltmenin Yeni Yolu<\/h1><\/div><\/div><\/div><\/div>\n<\/div><\/div>\n\n<div class=\"wp-block-uagb-container uagb-block-dc0169ac alignfull uagb-is-root-container\"><div class=\"uagb-container-inner-blocks-wrap\">\n<div class=\"wp-block-uagb-container uagb-block-47f0005f\">\n<div class=\"wp-block-uagb-info-box uagb-block-006696f2 uagb-infobox__content-wrap  uagb-infobox-icon-above-title uagb-infobox-image-valign-top\"><div class=\"uagb-ifb-content\"><div class=\"uagb-ifb-title-wrap\"><h2 class=\"uagb-ifb-title\">iLigner Hakk\u0131nda<\/h2><\/div><\/div><\/div>\n<\/div>\n\n\n\n<div class=\"wp-block-uagb-container uagb-block-ccdccb28\">\n<div class=\"wp-block-uagb-info-box uagb-block-54f3833f uagb-infobox__content-wrap  uagb-infobox-icon-above-title uagb-infobox-image-valign-top\"><div class=\"uagb-ifb-content\"><div class=\"uagb-ifb-title-wrap\"><p class=\"uagb-ifb-title\">G\u00fczel g\u00fcl\u00fc\u015fler yaratmak i\u00e7in teknolojiyi kullanma tutkusuna sahip d\u00f6rt deneyimli ortodontist taraf\u0131ndan kurulan \u015feffaf plak \u015firketi iLigner&#8217;a ho\u015f geldiniz. Hastalar\u0131m\u0131za yenilik ve kalite odakl\u0131 yeni bir tedavi sunmak i\u00e7in iLigner&#8217;\u0131 kurduk. <\/p><\/div><p class=\"uagb-ifb-desc\"><br\/>Ortodontistlerden olu\u015fan ekibimiz ortodontik tedavi konusunda 10 y\u0131l\u0131 a\u015fk\u0131n bir deneyime sahiptir. \u015eeffaf plaklarla elde edilebilecek harika sonu\u00e7lar\u0131 g\u00f6rd\u00fck ve daha fazla insan\u0131n bu teknolojiden faydalanmas\u0131n\u0131 sa\u011flayacak bir \u015firket kurmaya karar verdik. Kendi \u015feffaf plaklar\u0131m\u0131z\u0131 \u00fcreterek \u00fcr\u00fcnlerimizde en \u00fcst d\u00fczeyde kalite ve tutarl\u0131l\u0131\u011f\u0131 sa\u011flayabildik.<br\/>iLigner&#8217;da, m\u00fcmk\u00fcn olan en iyi tedavi sonu\u00e7lar\u0131n\u0131 yaratmak i\u00e7in en son teknolojiyi kullanmaya \u00f6zen g\u00f6steriyoruz. Bu nedenle aligner&#8217;lar\u0131m\u0131z\u0131 \u00fcretmek i\u00e7in 3D bask\u0131 teknolojisini kullan\u0131yoruz ve bu da her hasta i\u00e7in hassas, ki\u015fiye \u00f6zel aligner&#8217;lar olu\u015fturmam\u0131z\u0131 sa\u011fl\u0131yor. Dijital i\u015f ak\u0131\u015f\u0131m\u0131z ayr\u0131ca daha h\u0131zl\u0131 geri d\u00f6n\u00fc\u015f s\u00fcreleri sa\u011flamam\u0131za ve fiziksel bask\u0131 ihtiyac\u0131n\u0131 azaltmam\u0131za olanak tan\u0131r.<br\/>M\u00fckemmel tedavi planlar\u0131 yapmakta ve bu konuda her t\u00fcrl\u00fc destek sa\u011flamaya kararl\u0131y\u0131z. Ortodontist ekibimiz, tedavi s\u00fcreci boyunca her t\u00fcrl\u00fc soruyu yan\u0131tlamak ve rehberlik sa\u011flamak i\u00e7in her zaman haz\u0131rd\u0131r. \u015eeffaf plak tedavisinin \u00f6nemli bir yat\u0131r\u0131m olabilece\u011fini biliyoruz, bu nedenle hastalar\u0131m\u0131z i\u00e7in tedaviyi daha ekonomik hale getirmek i\u00e7in esnek \u00f6deme planlar\u0131 ve finansman se\u00e7enekleri sunuyoruz.<br\/>Teknolojik olarak geli\u015fmi\u015f bir \u015firket olarak, her zaman \u00fcr\u00fcnlerimizi ve hizmetlerimizi geli\u015ftirmenin yollar\u0131n\u0131 ar\u0131yoruz. Clear aligner teknolojisinin gelece\u011fi konusunda heyecanl\u0131y\u0131z ve bu alanda \u00f6n planda olmaya kararl\u0131y\u0131z. Daha fazla hastaya clear aligner tedavisinin faydalar\u0131n\u0131 sunmak i\u00e7in \u015firketimizi b\u00fcy\u00fctmeyi ve geni\u015fletmeyi hedefliyoruz.<br\/>iLigner&#8217;\u0131 se\u00e7ti\u011finiz i\u00e7in te\u015fekk\u00fcr ederiz. Size g\u00fczel bir g\u00fcl\u00fcmseme ve olumlu bir ortodontik deneyim sunmak i\u00e7in buraday\u0131z.         <br\/><\/p><\/div><\/div>\n<\/div>\n<\/div><\/div>\n\n<div class=\"wp-block-uagb-container uag-hide-desktop uag-hide-tab uag-hide-mob uagb-block-e40412f9 alignfull uagb-is-root-container\"><div class=\"uagb-container-inner-blocks-wrap\">\n<div class=\"wp-block-uagb-info-box uagb-block-eca68ba6 uagb-infobox__content-wrap  uagb-infobox-icon-above-title uagb-infobox-image-valign-top\"><div class=\"uagb-ifb-content\"><div class=\"uagb-ifb-title-wrap\"><span class=\"uagb-ifb-title-prefix\">\u015eirket Yakla\u015f\u0131m\u0131 b\u00f6l\u00fcm\u00fc i\u00e7in \u00f6nek buraya yaz\u0131lacakt\u0131r<\/span><h2 class=\"uagb-ifb-title\">\u015eirket Yakla\u015f\u0131m\u0131n\u0131 Anlatan Ba\u015fl\u0131k Burada Olacak<\/h2><\/div><\/div><\/div>\n\n\n\n<div class=\"wp-block-uagb-container uagb-block-c3af8e7b\">\n<div class=\"wp-block-uagb-container uagb-block-1f437655\">\n<div class=\"wp-block-uagb-advanced-heading uagb-block-0c02a7b6\"><h3 class=\"uagb-heading-text\">Yakla\u015f\u0131m 1<\/h3><p class=\"uagb-desc-text\">Bu b\u00f6l\u00fcmde, \u015firketinizin m\u00fc\u015fterilere hizmet vermek ve istedikleri sonu\u00e7lar\u0131 elde etmelerine yard\u0131mc\u0131 olmak i\u00e7in kulland\u0131\u011f\u0131 yakla\u015f\u0131mla ilgili ayr\u0131nt\u0131lar\u0131 vurgulayaca\u011f\u0131z<\/p><\/div>\n<\/div>\n\n\n\n<div class=\"wp-block-uagb-container uagb-block-5b0fca3b\">\n<div class=\"wp-block-uagb-advanced-heading uagb-block-2d293cdd\"><h3 class=\"uagb-heading-text\">Yakla\u015f\u0131m 2<\/h3><p class=\"uagb-desc-text\">Bu b\u00f6l\u00fcmde, \u015firketinizin m\u00fc\u015fterilere hizmet vermek ve istedikleri sonu\u00e7lar\u0131 elde etmelerine yard\u0131mc\u0131 olmak i\u00e7in kulland\u0131\u011f\u0131 yakla\u015f\u0131mla ilgili ayr\u0131nt\u0131lar\u0131 vurgulayaca\u011f\u0131z<\/p><\/div>\n<\/div>\n<\/div>\n<\/div><\/div>\n\n<div class=\"wp-block-uagb-container uag-hide-desktop uag-hide-tab uag-hide-mob uagb-block-0d6e6fa5 alignfull uagb-is-root-container\"><div class=\"uagb-container-inner-blocks-wrap\">\n<div class=\"wp-block-uagb-info-box uagb-block-a3aa2356 uagb-infobox__content-wrap  uagb-infobox-icon-above-title uagb-infobox-image-valign-top wp-block-uagb-info-box--has-margin\"><div class=\"uagb-infobox-margin-wrapper\"><div class=\"uagb-ifb-content\"><div class=\"uagb-ifb-title-wrap\"><span class=\"uagb-ifb-title-prefix\">Altbilgi Eylem \u00c7a\u011fr\u0131s\u0131 b\u00f6l\u00fcm\u00fc i\u00e7in \u00f6nek burada olacakt\u0131r<\/span><h2 class=\"uagb-ifb-title\">Burada Kitlenizin \u0130lgisini \u00c7ekmek \u0130\u00e7in \u0130kna Edici Bir Eylem \u00c7a\u011fr\u0131s\u0131 Yazaca\u011f\u0131z<\/h2><\/div><div class=\"uagb-ifb-button-wrapper wp-block-button\"><a href=\"#\" class=\"uagb-infobox-cta-link wp-block-button__link\" target=\"_self\" rel=\"noopener noreferrer\" onclick=\"return false;\"><span class=\"uagb-inline-editing\">Harekete Ge\u00e7me \u00c7a\u011fr\u0131s\u0131<\/span><\/a><\/div><\/div><\/div><\/div>\n<\/div><\/div>\n","protected":false},"excerpt":{"rendered":"<p>Yakla\u015f\u0131m 1 Bu b\u00f6l\u00fcmde, \u015firketinizin m\u00fc\u015fterilere hizmet vermek ve istedikleri sonu\u00e7lar\u0131 elde etmelerine yard\u0131mc\u0131 olmak i\u00e7in kulland\u0131\u011f\u0131 yakla\u015f\u0131mla ilgili ayr\u0131nt\u0131lar\u0131 [&hellip;]<\/p>\n","protected":false},"author":1,"featured_media":0,"parent":0,"menu_order":0,"comment_status":"closed","ping_status":"closed","template":"","meta":{"nf_dc_page":"","_uag_custom_page_level_css":"","site-sidebar-layout":"default","site-content-layout":"","ast-site-content-layout":"full-width-container","site-content-style":"default","site-sidebar-style":"default","ast-global-header-display":"","ast-banner-title-visibility":"","ast-main-header-display":"","ast-hfb-above-header-display":"","ast-hfb-below-header-display":"","ast-hfb-mobile-header-display":"","site-post-title":"disabled","ast-breadcrumbs-content":"","ast-featured-img":"","footer-sml-layout":"","ast-disable-related-posts":"","theme-transparent-header-meta":"enabled","adv-header-id-meta":"","stick-header-meta":"","header-above-stick-meta":"","header-main-stick-meta":"","header-below-stick-meta":"","astra-migrate-meta-layouts":"default","ast-page-background-enabled":"default","ast-page-background-meta":{"desktop":{"background-color":"var(--ast-global-color-4)","background-image":"","background-repeat":"repeat","background-position":"center center","background-size":"auto","background-attachment":"scroll","background-type":"","background-media":"","overlay-type":"","overlay-color":"","overlay-opacity":"","overlay-gradient":""},"tablet":{"background-color":"","background-image":"","background-repeat":"repeat","background-position":"center center","background-size":"auto","background-attachment":"scroll","background-type":"","background-media":"","overlay-type":"","overlay-color":"","overlay-opacity":"","overlay-gradient":""},"mobile":{"background-color":"","background-image":"","background-repeat":"repeat","background-position":"center center","background-size":"auto","background-attachment":"scroll","background-type":"","background-media":"","overlay-type":"","overlay-color":"","overlay-opacity":"","overlay-gradient":""}},"ast-content-background-meta":{"desktop":{"background-color":"var(--ast-global-color-5)","background-image":"","background-repeat":"repeat","background-position":"center center","background-size":"auto","background-attachment":"scroll","background-type":"","background-media":"","overlay-type":"","overlay-color":"","overlay-opacity":"","overlay-gradient":""},"tablet":{"background-color":"var(--ast-global-color-5)","background-image":"","background-repeat":"repeat","background-position":"center center","background-size":"auto","background-attachment":"scroll","background-type":"","background-media":"","overlay-type":"","overlay-color":"","overlay-opacity":"","overlay-gradient":""},"mobile":{"background-color":"var(--ast-global-color-5)","background-image":"","background-repeat":"repeat","background-position":"center center","background-size":"auto","background-attachment":"scroll","background-type":"","background-media":"","overlay-type":"","overlay-color":"","overlay-opacity":"","overlay-gradient":""}},"footnotes":""},"class_list":["post-296","page","type-page","status-publish","hentry"],"uagb_featured_image_src":{"full":false,"thumbnail":false,"medium":false,"medium_large":false,"large":false,"1536x1536":false,"2048x2048":false},"uagb_author_info":{"display_name":"Ferit","author_link":"https:\/\/iligner.com\/tr\/author\/ferit\/"},"uagb_comment_info":0,"uagb_excerpt":"Yakla\u015f\u0131m 1 Bu b\u00f6l\u00fcmde, \u015firketinizin m\u00fc\u015fterilere hizmet vermek ve istedikleri sonu\u00e7lar\u0131 elde etmelerine yard\u0131mc\u0131 olmak i\u00e7in kulland\u0131\u011f\u0131 yakla\u015f\u0131mla ilgili ayr\u0131nt\u0131lar\u0131 [&hellip;]","jetpack_sharing_enabled":true,"_links":{"self":[{"href":"https:\/\/iligner.com\/tr\/wp-json\/wp\/v2\/pages\/296","targetHints":{"allow":["GET"]}}],"collection":[{"href":"https:\/\/iligner.com\/tr\/wp-json\/wp\/v2\/pages"}],"about":[{"href":"https:\/\/iligner.com\/tr\/wp-json\/wp\/v2\/types\/page"}],"author":[{"embeddable":true,"href":"https:\/\/iligner.com\/tr\/wp-json\/wp\/v2\/users\/1"}],"replies":[{"embeddable":true,"href":"https:\/\/iligner.com\/tr\/wp-json\/wp\/v2\/comments?post=296"}],"version-history":[{"count":5,"href":"https:\/\/iligner.com\/tr\/wp-json\/wp\/v2\/pages\/296\/revisions"}],"predecessor-version":[{"id":342,"href":"https:\/\/iligner.com\/tr\/wp-json\/wp\/v2\/pages\/296\/revisions\/342"}],"wp:attachment":[{"href":"https:\/\/iligner.com\/tr\/wp-json\/wp\/v2\/media?parent=296"}],"curies":[{"name":"wp","href":"https:\/\/api.w.org\/{rel}","templated":true}]}}